{"id":99,"date":"2022-10-06T23:02:42","date_gmt":"2022-10-06T21:02:42","guid":{"rendered":"https:\/\/meliluminati.com\/homepage\/"},"modified":"2024-04-05T11:15:02","modified_gmt":"2024-04-05T09:15:02","slug":"home","status":"publish","type":"page","link":"https:\/\/meliluminati.com\/fr\/","title":{"rendered":"Home"},"content":{"rendered":"<div class=\"wp-block-cover alignfull is-light has-parallax has-small-font-size\" style=\"padding-top:0;padding-right:0;padding-bottom:0;padding-left:0;font-style:normal;font-weight:100;line-height:1.5;text-transform:none;min-height:450px;aspect-ratio:unset;\"><span aria-hidden=\"true\" class=\"wp-block-cover__background has-background-dim-0 has-background-dim\"><\/span><div role=\"img\" class=\"wp-block-cover__image-background wp-image-187 has-parallax\" style=\"background-position:50% 50%;background-image:url(https:\/\/meliluminati.com\/wp-content\/uploads\/2022\/10\/RanniV3.png)\"><\/div><div class=\"wp-block-cover__inner-container is-layout-flow wp-block-cover-is-layout-flow\">\n<p class=\"has-palette-color-4-color has-text-color has-medium-font-size\" style=\"padding-top:var(--wp--preset--spacing--80);padding-right:var(--wp--preset--spacing--80);padding-bottom:var(--wp--preset--spacing--80);padding-left:var(--wp--preset--spacing--80);font-style:italic;font-weight:200;line-height:1\">La t\u00eate dans les \u00e9toiles<\/p>\n<\/div><\/div>\n\n\n\n<div class=\"wp-block-columns alignfull are-vertically-aligned-center is-not-stacked-on-mobile has-palette-color-5-background-color has-background is-layout-flex wp-container-core-columns-is-layout-4353236c wp-block-columns-is-layout-flex\" style=\"border-style:none;border-width:0px;border-radius:0px;margin-top:0;margin-bottom:0;padding-top:var(--wp--preset--spacing--80);padding-right:var(--wp--preset--spacing--80);padding-bottom:var(--wp--preset--spacing--80);padding-left:var(--wp--preset--spacing--80)\">\n<div class=\"wp-block-column is-layout-flow wp-block-column-is-layout-flow\" style=\"flex-basis:33.33%\">\n<figure class=\"wp-block-image alignright size-large is-resized\"><img loading=\"lazy\" decoding=\"async\" src=\"https:\/\/meliluminati.com\/wp-content\/uploads\/2023\/01\/Azumibubble-Copie-786x1024.jpg\" alt=\"\" class=\"wp-image-320\" width=\"361\" height=\"470\" srcset=\"https:\/\/meliluminati.com\/wp-content\/uploads\/2023\/01\/Azumibubble-Copie-786x1024.jpg 786w, https:\/\/meliluminati.com\/wp-content\/uploads\/2023\/01\/Azumibubble-Copie-300x391.jpg 300w, https:\/\/meliluminati.com\/wp-content\/uploads\/2023\/01\/Azumibubble-Copie-600x781.jpg 600w, https:\/\/meliluminati.com\/wp-content\/uploads\/2023\/01\/Azumibubble-Copie-230x300.jpg 230w, https:\/\/meliluminati.com\/wp-content\/uploads\/2023\/01\/Azumibubble-Copie-768x1000.jpg 768w, https:\/\/meliluminati.com\/wp-content\/uploads\/2023\/01\/Azumibubble-Copie.jpg 850w\" sizes=\"auto, (max-width: 361px) 100vw, 361px\" \/><\/figure>\n<\/div>\n\n\n\n<div class=\"wp-block-column is-vertically-aligned-center is-layout-flow wp-block-column-is-layout-flow\" style=\"padding-top:var(--wp--preset--spacing--50);padding-right:var(--wp--preset--spacing--50);padding-bottom:var(--wp--preset--spacing--50);padding-left:var(--wp--preset--spacing--50);flex-basis:66.66%\">\n<h2 class=\"has-text-align-center has-large-font-size wp-block-heading\">La Fin de l'Enfer<\/h2>\n\n\n\n<p class=\"has-text-align-center\"><em>Je suis actuellement en train de travailler sur mon webcomic et pourrai donner plus d'infos bient\u00f4t !<\/em><\/p>\n\n\n\n<p class=\"has-text-align-justify\" style=\"padding-top:var(--wp--preset--spacing--60);padding-right:var(--wp--preset--spacing--60);padding-bottom:var(--wp--preset--spacing--60);padding-left:var(--wp--preset--spacing--60);font-style:normal;font-weight:400;letter-spacing:0px\">A court d'inspiration pour ajouter du piment dans sa vie, Alex se tourne vers les \u00e9toiles dans une derni\u00e8re tentative et prie pour un changement radical. Les \u00e9toiles brillent fort, tr\u00e8s fort. Peut etre un peu trop fort...? L'une d'entre elles s'\u00e9crase \u00e0 quelques m\u00e8tres de l'infortun\u00e9. Qu'est ce donc...? Un oiseau? Un avion? Le chaos. Est-ce le changement dont il a tant r\u00eav\u00e9, ou s'embarque t'il dans quelque chose qui le d\u00e9passe?<\/p>\n<\/div>\n<\/div>\n\n\n\n<div class=\"wp-block-columns is-layout-flex wp-container-core-columns-is-layout-28f84493 wp-block-columns-is-layout-flex\">\n<div class=\"wp-block-column is-vertically-aligned-top is-layout-flow wp-block-column-is-layout-flow\">\n<div class=\"wp-block-cover is-style-editorskit-inverted-diagonal wp-duotone-unset-1\" style=\"padding-top:var(--wp--preset--spacing--60);padding-right:var(--wp--preset--spacing--60);padding-bottom:var(--wp--preset--spacing--60);padding-left:var(--wp--preset--spacing--60);min-height:343px;aspect-ratio:unset;\"><span aria-hidden=\"true\" class=\"wp-block-cover__background has-palette-color-6-background-color has-background-dim-80 has-background-dim\"><\/span><div class=\"wp-block-cover__inner-container is-layout-flow wp-block-cover-is-layout-flow\">\n<h2 class=\"has-text-align-left has-palette-color-4-color has-text-color has-large-font-size wp-block-heading\" style=\"line-height:0\">Quoi de neuf?<\/h2>\n\n\n\n<p class=\"has-palette-color-3-color has-text-color translation-block\">You can follow news and updates on <a href=\"https:\/\/meliluminati.com\/fr\/?page_id=89\" class=\"ek-link\" target=\"_self\">the blog<\/a><\/p>\n<\/div><\/div>\n<\/div>\n\n\n\n<div class=\"wp-block-column is-vertically-aligned-top is-layout-flow wp-block-column-is-layout-flow\">\n<div class=\"wp-block-cover is-style-editorskit-diagonal wp-duotone-unset-2\" style=\"padding-top:var(--wp--preset--spacing--60);padding-right:var(--wp--preset--spacing--60);padding-bottom:var(--wp--preset--spacing--60);padding-left:var(--wp--preset--spacing--60);min-height:343px;aspect-ratio:unset;\"><span aria-hidden=\"true\" class=\"wp-block-cover__background has-palette-color-6-background-color has-background-dim-80 has-background-dim\"><\/span><div class=\"wp-block-cover__inner-container is-layout-flow wp-block-cover-is-layout-flow\">\n<h2 class=\"wp-block-heading\">Support<\/h2>\n\n\n\n<p class=\"has-text-align-justify has-palette-color-3-color has-text-color\" style=\"padding-top:0;padding-right:0;padding-bottom:0;padding-left:0;line-height:1.5\">If you feel generous, feel free to support my work ! One tip is one step closer to reach my goal of working full time as an independant artist. Which means quicker webcomic updates and a ton of other bonuses for you through Patreon ! (when the time comes)<\/p>\n\n\n\n<div class=\"wp-block-buttons is-layout-flex wp-block-buttons-is-layout-flex\">\n<div class=\"wp-block-button has-custom-font-size has-small-font-size\"><a class=\"wp-block-button__link has-palette-color-1-color has-black-background-color has-text-color has-background wp-element-button\">Support me on Ko-fi<\/a><\/div>\n\n\n\n<div class=\"wp-block-button has-custom-font-size has-small-font-size\"><a class=\"wp-block-button__link has-palette-color-1-color has-black-background-color has-text-color has-background wp-element-button\">Support me on Patreon<\/a><\/div>\n<\/div>\n<\/div><\/div>\n<\/div>\n<\/div>","protected":false},"excerpt":{"rendered":"<p>Escaping Hell I am currently working on my webcomic and will be able to show more soon ! Short of inspiration to add spice to his life, Alex turns to the stars in a last attempt and prays for radical change. The stars are shining bright, very bright. Maybe a little too bright\u2026? One of them crashes a few meters from the unfortunate. What is it\u2026? A bird? A plane ? Chaos. Is this the change he has dreamed of so much or is he embarking on something beyond him?<\/p>","protected":false},"author":1,"featured_media":0,"parent":0,"menu_order":0,"comment_status":"closed","ping_status":"closed","template":"","meta":{"_editorskit_title_hidden":false,"_editorskit_reading_time":1,"_editorskit_is_block_options_detached":false,"_editorskit_block_options_position":"{}","two_page_speed":[],"footnotes":""},"class_list":["post-99","page","type-page","status-publish","hentry"],"blocksy_meta":{"styles_descriptor":{"styles":{"desktop":"","tablet":"","mobile":""},"google_fonts":[],"version":5}},"_links":{"self":[{"href":"https:\/\/meliluminati.com\/fr\/wp-json\/wp\/v2\/pages\/99","targetHints":{"allow":["GET"]}}],"collection":[{"href":"https:\/\/meliluminati.com\/fr\/wp-json\/wp\/v2\/pages"}],"about":[{"href":"https:\/\/meliluminati.com\/fr\/wp-json\/wp\/v2\/types\/page"}],"author":[{"embeddable":true,"href":"https:\/\/meliluminati.com\/fr\/wp-json\/wp\/v2\/users\/1"}],"replies":[{"embeddable":true,"href":"https:\/\/meliluminati.com\/fr\/wp-json\/wp\/v2\/comments?post=99"}],"version-history":[{"count":36,"href":"https:\/\/meliluminati.com\/fr\/wp-json\/wp\/v2\/pages\/99\/revisions"}],"predecessor-version":[{"id":571,"href":"https:\/\/meliluminati.com\/fr\/wp-json\/wp\/v2\/pages\/99\/revisions\/571"}],"wp:attachment":[{"href":"https:\/\/meliluminati.com\/fr\/wp-json\/wp\/v2\/media?parent=99"}],"curies":[{"name":"wp","href":"https:\/\/api.w.org\/{rel}","templated":true}]}}